{"id":989,"date":"2021-10-07T09:43:14","date_gmt":"2021-10-07T09:43:14","guid":{"rendered":"https:\/\/nautica.promoservicebeta.com\/come-arrivare\/"},"modified":"2021-11-25T20:26:02","modified_gmt":"2021-11-25T20:26:02","slug":"wie-kommt-man","status":"publish","type":"page","link":"https:\/\/www.adriamare.eu\/de\/wie-kommt-man\/","title":{"rendered":"Wie kommt man"},"content":{"rendered":"\n<style type=\"text\/css\" data-created_by=\"avia_inline_auto\" id=\"style-css-av-kugo8n0q-ee1c176b97233bf5628903fe1a3e2a5a\">\n#top .av-special-heading.av-kugo8n0q-ee1c176b97233bf5628903fe1a3e2a5a{\npadding-bottom:10px;\ncolor:#1881c2;\n}\n.av-special-heading.av-kugo8n0q-ee1c176b97233bf5628903fe1a3e2a5a .special-heading-inner-border{\nborder-color:#f9e71c;\n}\nbody .av-special-heading.av-kugo8n0q-ee1c176b97233bf5628903fe1a3e2a5a .av-special-heading-tag .heading-wrap:before{\nborder-color:#f9e71c;\n}\nbody .av-special-heading.av-kugo8n0q-ee1c176b97233bf5628903fe1a3e2a5a .av-special-heading-tag .heading-wrap:after{\nborder-color:#f9e71c;\n}\n<\/style>\n<div  class='av-special-heading av-kugo8n0q-ee1c176b97233bf5628903fe1a3e2a5a av-special-heading-h1 custom-color-heading blockquote elegant-quote elegant-centered  avia-builder-el-0  el_before_av_one_half  avia-builder-el-first  '><h1 class='av-special-heading-tag '  itemprop=\"headline\"  ><span class=\"heading-wrap\">Wie kommt man<\/span><\/h1><div class='special-heading-border'><div class='special-heading-inner-border'><\/div><\/div><\/div>\n\n<style type=\"text\/css\" data-created_by=\"avia_inline_auto\" id=\"style-css-av-kugrrojd-79d4b36b28831dc29f0686cec253d189\">\n.flex_column.av-kugrrojd-79d4b36b28831dc29f0686cec253d189{\npadding:50px 0 50px 0;\n}\n<\/style>\n<div class='flex_column av-kugrrojd-79d4b36b28831dc29f0686cec253d189 av_one_half  avia-builder-el-1  el_after_av_heading  el_before_av_one_half  first flex_column_div '   ><p>\n<style type=\"text\/css\" data-created_by=\"avia_inline_auto\" id=\"style-css-av-kugp86lg-6389353b7f8a7b5873843e3b00e6509c\">\n#top .av-special-heading.av-kugp86lg-6389353b7f8a7b5873843e3b00e6509c{\npadding-bottom:10px;\ncolor:#1881c2;\n}\nbody .av-special-heading.av-kugp86lg-6389353b7f8a7b5873843e3b00e6509c .av-special-heading-tag .heading-char{\nfont-size:25px;\ncolor:#1881c2;\npadding-bottom:10px;\n}\n.av-special-heading.av-kugp86lg-6389353b7f8a7b5873843e3b00e6509c .special-heading-inner-border{\nborder-color:rgba(0,0,0,0.01);\n}\nbody .av-special-heading.av-kugp86lg-6389353b7f8a7b5873843e3b00e6509c .av-special-heading-tag .heading-wrap:before{\nborder-color:rgba(0,0,0,0.01);\n}\nbody .av-special-heading.av-kugp86lg-6389353b7f8a7b5873843e3b00e6509c .av-special-heading-tag .heading-wrap:after{\nborder-color:rgba(0,0,0,0.01);\n}\n<\/style>\n<div  class='av-special-heading av-kugp86lg-6389353b7f8a7b5873843e3b00e6509c av-special-heading-h3 custom-color-heading blockquote elegant-quote elegant-centered  avia-builder-el-2  el_before_av_textblock  avia-builder-el-first  av-icon '><h3 class='av-special-heading-tag '  itemprop=\"headline\"  ><span class='heading-char avia-font-entypo-fontello ' aria-hidden='true' data-av_icon='\ue842' data-av_iconfont='entypo-fontello'><\/span><span class=\"heading-wrap\">Vom Land<\/span><\/h3><div class='special-heading-border'><div class='special-heading-inner-border'><\/div><\/div><\/div><br \/>\n<section class=\"av_textblock_section \"  itemscope=\"itemscope\" itemtype=\"https:\/\/schema.org\/CreativeWork\" ><div class='avia_textblock  '   itemprop=\"text\" ><p><strong>Wenn Sie mit dem Auto kommen<\/strong>: unsere Werft ist von der Autobahn A4 (E70) aus \u00fcber die Ausfahrt Latisana und die Schnellstra\u00dfe SS354 leicht zu erreichen. Nach etwas weniger als 20 km erreichen Sie, den Schildern nach Bibione folgend, die Br\u00fccke \u00fcber den <span style=\"font-weight: 400;\">TAGLIAMENTO<\/span>.<\/p>\n<p>Nachdem Sie die Br\u00fccke \u00fcberquert haben, biegen Sie links ab und fahren in das Industriegebiet von Bevazzana di Bibione, wo sich die Einfahrt zur Werft befindet.<\/p>\n<p>Koordinaten: <a href=\"https:\/\/goo.gl\/maps\/M2KizBZ6hcPEAGyc6\" target=\"_blank\" rel=\"noopener\">45\u00b040\u201917.9\u201d N 13\u00b003\u201932.3\u201dE<\/a><\/p>\n<p><strong>Anreise mit dem Flugzeug<\/strong>: Der n\u00e4chste Flughafen ist Venedig Marco Polo, ca. 60 km vom Standort entfernt. Am Flughafen angekommen, k\u00f6nnen Sie ein Auto mieten, ein Taxi oder einen Bus nach Bevazzana di Bibione (VE) nehmen.<\/p>\n<\/div><\/section><\/p><\/div>\n<style type=\"text\/css\" data-created_by=\"avia_inline_auto\" id=\"style-css-av-kugrsie4-e244d7af55018d3c65eb2a5ff91f88c4\">\n.flex_column.av-kugrsie4-e244d7af55018d3c65eb2a5ff91f88c4{\npadding:50px 0 50px 0;\n}\n<\/style>\n<div class='flex_column av-kugrsie4-e244d7af55018d3c65eb2a5ff91f88c4 av_one_half  avia-builder-el-4  el_after_av_one_half  el_before_av_layout_row  avia-builder-el-last  flex_column_div '   ><p>\n<style type=\"text\/css\" data-created_by=\"avia_inline_auto\" id=\"style-css-av-kugp9ok8-4fe1ef2895c3bcc691cc20a075687ded\">\n#top .av-special-heading.av-kugp9ok8-4fe1ef2895c3bcc691cc20a075687ded{\npadding-bottom:10px;\ncolor:#1881c2;\n}\nbody .av-special-heading.av-kugp9ok8-4fe1ef2895c3bcc691cc20a075687ded .av-special-heading-tag .heading-char{\nfont-size:25px;\ncolor:#1881c2;\npadding-bottom:10px;\n}\n.av-special-heading.av-kugp9ok8-4fe1ef2895c3bcc691cc20a075687ded .special-heading-inner-border{\nborder-color:rgba(0,0,0,0.01);\n}\nbody .av-special-heading.av-kugp9ok8-4fe1ef2895c3bcc691cc20a075687ded .av-special-heading-tag .heading-wrap:before{\nborder-color:rgba(0,0,0,0.01);\n}\nbody .av-special-heading.av-kugp9ok8-4fe1ef2895c3bcc691cc20a075687ded .av-special-heading-tag .heading-wrap:after{\nborder-color:rgba(0,0,0,0.01);\n}\n<\/style>\n<div  class='av-special-heading av-kugp9ok8-4fe1ef2895c3bcc691cc20a075687ded av-special-heading-h3 custom-color-heading blockquote elegant-quote elegant-centered  avia-builder-el-5  el_before_av_textblock  avia-builder-el-first  av-icon '><h3 class='av-special-heading-tag '  itemprop=\"headline\"  ><span class='heading-char avia-font-entypo-fontello ' aria-hidden='true' data-av_icon='\ue8ce' data-av_iconfont='entypo-fontello'><\/span><span class=\"heading-wrap\">\u00dcber das Meer<\/span><\/h3><div class='special-heading-border'><div class='special-heading-inner-border'><\/div><\/div><\/div><br \/>\n<section class=\"av_textblock_section \"  itemscope=\"itemscope\" itemtype=\"https:\/\/schema.org\/CreativeWork\" ><div class='avia_textblock  '   itemprop=\"text\" ><p>Die Werft Nautica Adriamare srl (<a href=\"https:\/\/goo.gl\/maps\/1uEBGGPLb463HmQ4A\" target=\"_blank\" rel=\"noopener\">45\u00b040&#8217;18.2&#8243;N 13\u00b003&#8217;58.2&#8243;E<\/a>) befindet sich am rechten Ufer des Flusses <span style=\"font-weight: 400;\">TAGLIAMENTO<\/span>, etwa 2,5 km von der M\u00fcndung (1,5 Seemeilen) entfernt in der Gemeinde San Michele al Tagliamento (VE).<\/p>\n<p>Vom Meer aus kann man sie leicht durch den Kanal erreichen, der durch gr\u00fcne und rote Dalben und an der venezianischen K\u00fcste durch den Leuchtturm Punta Tagliamento gekennzeichnet ist (<a href=\"https:\/\/goo.gl\/maps\/a1F7UGS3rPHkZJTa6\" target=\"_blank\" rel=\"noopener\">45\u00b038&#8217;33&#8243;N 13\u00b006&#8217;43&#8243;E<\/a>).<\/p>\n<p>Weiter landeinw\u00e4rts auf dem <span style=\"font-weight: 400;\">TAGLIAMENTO<\/span>, vorbei an den Hafenanlagen von Marina Uno und Punta Verde, kommt man zur Werft.<\/p>\n<\/div><\/section><\/p><\/div><\/div><\/div><\/div><!-- close content main div --><\/div><\/div><div id='av-layout-grid-1'  class='av-layout-grid-container entry-content-wrapper main_color av-flex-cells     avia-builder-el-7  el_after_av_one_half  avia-builder-el-last  submenu-not-first container_wrap fullsize'  >\n<div class=\"flex_cell no_margin av_one_full  avia-builder-el-8  avia-builder-el-no-sibling   \" ><div class='flex_cell_inner' >\n<\/div><\/div>\n<\/div><\/p>\n","protected":false},"excerpt":{"rendered":"","protected":false},"author":1,"featured_media":0,"parent":0,"menu_order":0,"comment_status":"closed","ping_status":"closed","template":"","meta":{"footnotes":""},"class_list":["post-989","page","type-page","status-publish","hentry"],"yoast_head":"<!-- This site is optimized with the Yoast SEO plugin v25.3.1 - https:\/\/yoast.com\/wordpress\/plugins\/seo\/ -->\n<title>Wie kommt man - Nautica Adriamare<\/title>\n<meta name=\"description\" content=\"Nautica Adriamare srl (45\u00b040&#039;18.2 &quot;N 13\u00b003&#039;58.2 &quot;E) ist vom Land und vom Meer aus leicht zu erreichen. Klicken Sie hier, um zu sehen, wie Sie die Werft erreichen.\" \/>\n<meta name=\"robots\" content=\"index, follow, max-snippet:-1, max-image-preview:large, max-video-preview:-1\" \/>\n<link rel=\"canonical\" href=\"https:\/\/www.adriamare.eu\/de\/wie-kommt-man\/\" \/>\n<meta property=\"og:locale\" content=\"de_DE\" \/>\n<meta property=\"og:type\" content=\"article\" \/>\n<meta property=\"og:title\" content=\"Wie kommt man - Nautica Adriamare\" \/>\n<meta property=\"og:description\" content=\"Nautica Adriamare srl (45\u00b040&#039;18.2 &quot;N 13\u00b003&#039;58.2 &quot;E) ist vom Land und vom Meer aus leicht zu erreichen. Klicken Sie hier, um zu sehen, wie Sie die Werft erreichen.\" \/>\n<meta property=\"og:url\" content=\"https:\/\/www.adriamare.eu\/de\/wie-kommt-man\/\" \/>\n<meta property=\"og:site_name\" content=\"Nautica Adriamare\" \/>\n<meta property=\"article:modified_time\" content=\"2021-11-25T20:26:02+00:00\" \/>\n<meta name=\"twitter:card\" content=\"summary_large_image\" \/>\n<meta name=\"twitter:label1\" content=\"Gesch\u00e4tzte Lesezeit\" \/>\n\t<meta name=\"twitter:data1\" content=\"3\u00a0Minuten\" \/>\n<script type=\"application\/ld+json\" class=\"yoast-schema-graph\">{\"@context\":\"https:\/\/schema.org\",\"@graph\":[{\"@type\":\"WebPage\",\"@id\":\"https:\/\/www.adriamare.eu\/de\/wie-kommt-man\/\",\"url\":\"https:\/\/www.adriamare.eu\/de\/wie-kommt-man\/\",\"name\":\"Wie kommt man - Nautica Adriamare\",\"isPartOf\":{\"@id\":\"https:\/\/www.adriamare.eu\/de\/#website\"},\"datePublished\":\"2021-10-07T09:43:14+00:00\",\"dateModified\":\"2021-11-25T20:26:02+00:00\",\"description\":\"Nautica Adriamare srl (45\u00b040'18.2 \\\"N 13\u00b003'58.2 \\\"E) ist vom Land und vom Meer aus leicht zu erreichen. Klicken Sie hier, um zu sehen, wie Sie die Werft erreichen.\",\"breadcrumb\":{\"@id\":\"https:\/\/www.adriamare.eu\/de\/wie-kommt-man\/#breadcrumb\"},\"inLanguage\":\"de\",\"potentialAction\":[{\"@type\":\"ReadAction\",\"target\":[\"https:\/\/www.adriamare.eu\/de\/wie-kommt-man\/\"]}]},{\"@type\":\"BreadcrumbList\",\"@id\":\"https:\/\/www.adriamare.eu\/de\/wie-kommt-man\/#breadcrumb\",\"itemListElement\":[{\"@type\":\"ListItem\",\"position\":1,\"name\":\"Home\",\"item\":\"https:\/\/www.adriamare.eu\/de\/home\/\"},{\"@type\":\"ListItem\",\"position\":2,\"name\":\"Wie kommt man\"}]},{\"@type\":\"WebSite\",\"@id\":\"https:\/\/www.adriamare.eu\/de\/#website\",\"url\":\"https:\/\/www.adriamare.eu\/de\/\",\"name\":\"Nautica Adriamare\",\"description\":\"Da 25 anni professionalit\u00e0 al vostro servizio\",\"publisher\":{\"@id\":\"https:\/\/www.adriamare.eu\/de\/#organization\"},\"potentialAction\":[{\"@type\":\"SearchAction\",\"target\":{\"@type\":\"EntryPoint\",\"urlTemplate\":\"https:\/\/www.adriamare.eu\/de\/?s={search_term_string}\"},\"query-input\":{\"@type\":\"PropertyValueSpecification\",\"valueRequired\":true,\"valueName\":\"search_term_string\"}}],\"inLanguage\":\"de\"},{\"@type\":\"Organization\",\"@id\":\"https:\/\/www.adriamare.eu\/de\/#organization\",\"name\":\"Nautica Adriamare\",\"url\":\"https:\/\/www.adriamare.eu\/de\/\",\"logo\":{\"@type\":\"ImageObject\",\"inLanguage\":\"de\",\"@id\":\"https:\/\/www.adriamare.eu\/de\/#\/schema\/logo\/image\/\",\"url\":\"https:\/\/adriamare.eu\/wp-content\/uploads\/2021\/10\/Nautica-Adriamare.png\",\"contentUrl\":\"https:\/\/adriamare.eu\/wp-content\/uploads\/2021\/10\/Nautica-Adriamare.png\",\"width\":500,\"height\":218,\"caption\":\"Nautica Adriamare\"},\"image\":{\"@id\":\"https:\/\/www.adriamare.eu\/de\/#\/schema\/logo\/image\/\"}}]}<\/script>\n<!-- \/ Yoast SEO plugin. -->","yoast_head_json":{"title":"Wie kommt man - Nautica Adriamare","description":"Nautica Adriamare srl (45\u00b040'18.2 \"N 13\u00b003'58.2 \"E) ist vom Land und vom Meer aus leicht zu erreichen. Klicken Sie hier, um zu sehen, wie Sie die Werft erreichen.","robots":{"index":"index","follow":"follow","max-snippet":"max-snippet:-1","max-image-preview":"max-image-preview:large","max-video-preview":"max-video-preview:-1"},"canonical":"https:\/\/www.adriamare.eu\/de\/wie-kommt-man\/","og_locale":"de_DE","og_type":"article","og_title":"Wie kommt man - Nautica Adriamare","og_description":"Nautica Adriamare srl (45\u00b040'18.2 \"N 13\u00b003'58.2 \"E) ist vom Land und vom Meer aus leicht zu erreichen. Klicken Sie hier, um zu sehen, wie Sie die Werft erreichen.","og_url":"https:\/\/www.adriamare.eu\/de\/wie-kommt-man\/","og_site_name":"Nautica Adriamare","article_modified_time":"2021-11-25T20:26:02+00:00","twitter_card":"summary_large_image","twitter_misc":{"Gesch\u00e4tzte Lesezeit":"3\u00a0Minuten"},"schema":{"@context":"https:\/\/schema.org","@graph":[{"@type":"WebPage","@id":"https:\/\/www.adriamare.eu\/de\/wie-kommt-man\/","url":"https:\/\/www.adriamare.eu\/de\/wie-kommt-man\/","name":"Wie kommt man - Nautica Adriamare","isPartOf":{"@id":"https:\/\/www.adriamare.eu\/de\/#website"},"datePublished":"2021-10-07T09:43:14+00:00","dateModified":"2021-11-25T20:26:02+00:00","description":"Nautica Adriamare srl (45\u00b040'18.2 \"N 13\u00b003'58.2 \"E) ist vom Land und vom Meer aus leicht zu erreichen. Klicken Sie hier, um zu sehen, wie Sie die Werft erreichen.","breadcrumb":{"@id":"https:\/\/www.adriamare.eu\/de\/wie-kommt-man\/#breadcrumb"},"inLanguage":"de","potentialAction":[{"@type":"ReadAction","target":["https:\/\/www.adriamare.eu\/de\/wie-kommt-man\/"]}]},{"@type":"BreadcrumbList","@id":"https:\/\/www.adriamare.eu\/de\/wie-kommt-man\/#breadcrumb","itemListElement":[{"@type":"ListItem","position":1,"name":"Home","item":"https:\/\/www.adriamare.eu\/de\/home\/"},{"@type":"ListItem","position":2,"name":"Wie kommt man"}]},{"@type":"WebSite","@id":"https:\/\/www.adriamare.eu\/de\/#website","url":"https:\/\/www.adriamare.eu\/de\/","name":"Nautica Adriamare","description":"Da 25 anni professionalit\u00e0 al vostro servizio","publisher":{"@id":"https:\/\/www.adriamare.eu\/de\/#organization"},"potentialAction":[{"@type":"SearchAction","target":{"@type":"EntryPoint","urlTemplate":"https:\/\/www.adriamare.eu\/de\/?s={search_term_string}"},"query-input":{"@type":"PropertyValueSpecification","valueRequired":true,"valueName":"search_term_string"}}],"inLanguage":"de"},{"@type":"Organization","@id":"https:\/\/www.adriamare.eu\/de\/#organization","name":"Nautica Adriamare","url":"https:\/\/www.adriamare.eu\/de\/","logo":{"@type":"ImageObject","inLanguage":"de","@id":"https:\/\/www.adriamare.eu\/de\/#\/schema\/logo\/image\/","url":"https:\/\/adriamare.eu\/wp-content\/uploads\/2021\/10\/Nautica-Adriamare.png","contentUrl":"https:\/\/adriamare.eu\/wp-content\/uploads\/2021\/10\/Nautica-Adriamare.png","width":500,"height":218,"caption":"Nautica Adriamare"},"image":{"@id":"https:\/\/www.adriamare.eu\/de\/#\/schema\/logo\/image\/"}}]}},"_links":{"self":[{"href":"https:\/\/www.adriamare.eu\/de\/wp-json\/wp\/v2\/pages\/989","targetHints":{"allow":["GET"]}}],"collection":[{"href":"https:\/\/www.adriamare.eu\/de\/wp-json\/wp\/v2\/pages"}],"about":[{"href":"https:\/\/www.adriamare.eu\/de\/wp-json\/wp\/v2\/types\/page"}],"author":[{"embeddable":true,"href":"https:\/\/www.adriamare.eu\/de\/wp-json\/wp\/v2\/users\/1"}],"replies":[{"embeddable":true,"href":"https:\/\/www.adriamare.eu\/de\/wp-json\/wp\/v2\/comments?post=989"}],"version-history":[{"count":2,"href":"https:\/\/www.adriamare.eu\/de\/wp-json\/wp\/v2\/pages\/989\/revisions"}],"predecessor-version":[{"id":1316,"href":"https:\/\/www.adriamare.eu\/de\/wp-json\/wp\/v2\/pages\/989\/revisions\/1316"}],"wp:attachment":[{"href":"https:\/\/www.adriamare.eu\/de\/wp-json\/wp\/v2\/media?parent=989"}],"curies":[{"name":"wp","href":"https:\/\/api.w.org\/{rel}","templated":true}]}}