{"id":918,"date":"2021-10-07T07:51:24","date_gmt":"2021-10-07T07:51:24","guid":{"rendered":"https:\/\/nautica.promoservicebeta.com\/servizi-zona-tecnica\/"},"modified":"2021-11-23T11:35:18","modified_gmt":"2021-11-23T11:35:18","slug":"dienstleistungen-technischer-bereich","status":"publish","type":"page","link":"https:\/\/www.adriamare.eu\/de\/dienstleistungen-technischer-bereich\/","title":{"rendered":"Dienstleistungen Technischer Bereich"},"content":{"rendered":"<\/p>\n<div id='full_slider_1'  class='avia-fullwidth-slider main_color avia-shadow   avia-builder-el-0  el_before_av_heading  avia-builder-el-first   container_wrap fullsize'  ><div   data-size='featured'  data-lightbox_size='large'  data-animation='slide'  data-conditional_play=''  data-ids='585,576'  data-video_counter='0'  data-autoplay='false'  data-bg_slider='false'  data-slide_height=''  data-handle='av_slideshow_full'  data-interval='5'  data-class=' '  data-el_id=''  data-css_id=''  data-scroll_down=''  data-control_layout='av-control-default'  data-custom_markup=''  data-perma_caption=''  data-autoplay_stopper=''  data-image_attachment=''  data-min_height='0px'  data-lazy_loading='disabled'  data-src=''  data-position='top left'  data-repeat='no-repeat'  data-attach='scroll'  data-stretch=''  data-img_scrset=''  data-default-height='28.666666666667'  class='avia-slideshow avia-slideshow-1  av-control-default av-default-height-applied avia-slideshow-featured av_slideshow_full   avia-slide-slider '  itemprop=\"image\" itemscope=\"itemscope\" itemtype=\"https:\/\/schema.org\/ImageObject\" ><ul class='avia-slideshow-inner ' style='padding-bottom: 35.833333333333%;' ><li  class=' slide-1 ' ><div data-rel='slideshow-1' class='avia-slide-wrap '   ><img decoding=\"async\" class=\"wp-image-819 avia-img-lazy-loading-not-819\"  src=\"https:\/\/www.adriamare.eu\/wp-content\/uploads\/2021\/10\/Vista-carroponte-da-fiume-1200x430.jpg\" width=\"1200\" height=\"430\" title='Ausr\u00fcstung f\u00fcr das Ein- und Ausbooten von Motoren' alt=''  itemprop=\"thumbnailUrl\"   \/><\/div><\/li><li  class=' slide-2 ' ><div data-rel='slideshow-1' class='avia-slide-wrap '   ><img decoding=\"async\" class=\"wp-image-815 avia-img-lazy-loading-not-815\"  src=\"https:\/\/www.adriamare.eu\/wp-content\/uploads\/2021\/10\/Vista-area-tecnica-da-fiume-1200x430.jpg\" width=\"1200\" height=\"430\" title='30-Tonnen-Portalkran' alt=''  itemprop=\"thumbnailUrl\"   \/><\/div><\/li><\/ul><div class='avia-slideshow-arrows avia-slideshow-controls' ><a href='#prev' class='prev-slide ' aria-hidden='true' data-av_icon='\ue87c' data-av_iconfont='entypo-fontello'  tabindex='-1'>Zur\u00fcck<\/a><a href='#next' class='next-slide ' aria-hidden='true' data-av_icon='\ue87d' data-av_iconfont='entypo-fontello'  tabindex='-1'>Weiter<\/a><\/div><div class='avia-slideshow-dots avia-slideshow-controls'><a href='#1' class='goto-slide active' >1<\/a><a href='#2' class='goto-slide ' >2<\/a><\/div><\/div><\/div><div id='after_full_slider_1'  class='main_color av_default_container_wrap container_wrap fullsize'  ><div class='container av-section-cont-open' ><div class='template-page content  av-content-full alpha units'><div class='post-entry post-entry-type-page post-entry-918'><div class='entry-content-wrapper clearfix'>\n\n<style type=\"text\/css\" data-created_by=\"avia_inline_auto\" id=\"style-css-av-kufnujqz-dfd638889e7c1184c1860071b38ff192\">\n#top .av-special-heading.av-kufnujqz-dfd638889e7c1184c1860071b38ff192{\npadding-bottom:10px;\ncolor:#1881c2;\n}\nbody .av-special-heading.av-kufnujqz-dfd638889e7c1184c1860071b38ff192 .av-special-heading-tag .heading-char{\nfont-size:25px;\ncolor:#1881c;\npadding-bottom:10px;\n}\n.av-special-heading.av-kufnujqz-dfd638889e7c1184c1860071b38ff192 .special-heading-inner-border{\nborder-color:#f9e71c;\n}\nbody .av-special-heading.av-kufnujqz-dfd638889e7c1184c1860071b38ff192 .av-special-heading-tag .heading-wrap:before{\nborder-color:#f9e71c;\n}\nbody .av-special-heading.av-kufnujqz-dfd638889e7c1184c1860071b38ff192 .av-special-heading-tag .heading-wrap:after{\nborder-color:#f9e71c;\n}\n<\/style>\n<div  class='av-special-heading av-kufnujqz-dfd638889e7c1184c1860071b38ff192 av-special-heading-h1 custom-color-heading blockquote elegant-quote elegant-centered  avia-builder-el-1  el_after_av_slideshow_full  el_before_av_textblock  avia-builder-el-first  av-icon '><h1 class='av-special-heading-tag '  itemprop=\"headline\"  ><span class='heading-char avia-font-entypo-fontello ' aria-hidden='true' data-av_icon='\ue855' data-av_iconfont='entypo-fontello'><\/span><span class=\"heading-wrap\">Dienstleistungen Technischer Bereich<\/span><\/h1><div class='special-heading-border'><div class='special-heading-inner-border'><\/div><\/div><\/div>\n<section class=\"av_textblock_section \"  itemscope=\"itemscope\" itemtype=\"https:\/\/schema.org\/CreativeWork\" ><div class='avia_textblock servizi-nautica '   itemprop=\"text\" ><p><span style=\"font-weight: 400;\"><i class=\"fal fa-ship\"><\/i> Mechanik und Motor\u00a0<\/span><\/p>\n<p><span style=\"font-weight: 400;\"><i class=\"fal fa-ship\"><\/i> Elektrische Wartung\u00a0<\/span><\/p>\n<p><span style=\"font-weight: 400;\"><i class=\"fal fa-ship\"><\/i> Antifouling und Refitting des Rumpfes\u00a0<\/span><\/p>\n<p><span style=\"font-weight: 400;\"><i class=\"fal fa-ship\"><\/i> Tapezierarbeiten\u00a0<\/span><\/p>\n<p><span style=\"font-weight: 400;\"><i class=\"fal fa-ship\"><\/i> lnnenreinigungen\u00a0<\/span><\/p>\n<p><span style=\"font-weight: 400;\"><i class=\"fal fa-ship\"><\/i> Polieren <\/span><\/p>\n<p><span style=\"font-weight: 400;\"><i class=\"fal fa-ship\"><\/i> Kranoperationen Boote bis 60 t <\/span><\/p>\n<p><span style=\"font-weight: 400;\"><i class=\"fal fa-ship\"><\/i> Treibstofffilterung <\/span><\/p>\n<p><span style=\"font-weight: 400;\"><i class=\"fal fa-ship\"><\/i> Abwicklung seerechtlicher Angelegenheiten und Erneuerung Sicherheitsbescheinigungen<\/span><\/p>\n<\/div><\/section>\n<\/div><\/div><\/div><!-- close content main div --><\/div><\/div>\n<style type=\"text\/css\" data-created_by=\"avia_inline_auto\" id=\"style-css-av-kuif9dnd-3cdc0af13ef902188aca6ae784c02a8b\">\n.avia-section.av-kuif9dnd-3cdc0af13ef902188aca6ae784c02a8b{\nbackground-color:#38317d;\nbackground:linear-gradient( to top left, #38317d, #1881c2, #229dd8 );\n}\n<\/style>\n<div id='av_section_1'  class='avia-section av-kuif9dnd-3cdc0af13ef902188aca6ae784c02a8b main_color avia-section-default avia-no-border-styling  avia-builder-el-3  el_after_av_textblock  avia-builder-el-last  avia-bg-style-scroll  container_wrap fullsize'  ><div class='container av-section-cont-open' ><div class='template-page content  av-content-full alpha units'><div class='post-entry post-entry-type-page post-entry-918'><div class='entry-content-wrapper clearfix'>\n<section class=\"av_textblock_section \"  itemscope=\"itemscope\" itemtype=\"https:\/\/schema.org\/CreativeWork\" ><div class='avia_textblock  av_inherit_color '  style='font-size:24px; color:#ffffff; '  itemprop=\"text\" ><p>Im technischen Bereich k\u00f6nnen Sie in einem video\u00fcberwachten Bereich<strong> die Arbeiten selbst durchf\u00fchren<\/strong>, wobei die Regeln der Gesch\u00e4ftsordnung zu beachten sind.<\/p>\n<\/div><\/section>\n\n","protected":false},"excerpt":{"rendered":"","protected":false},"author":1,"featured_media":0,"parent":0,"menu_order":0,"comment_status":"closed","ping_status":"closed","template":"","meta":{"footnotes":""},"class_list":["post-918","page","type-page","status-publish","hentry"],"yoast_head":"<!-- This site is optimized with the Yoast SEO plugin v25.3.1 - https:\/\/yoast.com\/wordpress\/plugins\/seo\/ -->\n<title>Dienstleistungen Technischer Bereich - Nautica Adriamare<\/title>\n<meta name=\"description\" content=\"Zu unseren Dienstleistungen im technischen Bereich geh\u00f6ren: Mechanik und Motorisierung, elektrische Wartung, Innenreinigung und vieles mehr. Entdecken Sie alle unsere Dienstleistungen f\u00fcr Ihr Boot!\" \/>\n<meta name=\"robots\" content=\"index, follow, max-snippet:-1, max-image-preview:large, max-video-preview:-1\" \/>\n<link rel=\"canonical\" href=\"https:\/\/www.adriamare.eu\/de\/dienstleistungen-technischer-bereich\/\" \/>\n<meta property=\"og:locale\" content=\"de_DE\" \/>\n<meta property=\"og:type\" content=\"article\" \/>\n<meta property=\"og:title\" content=\"Dienstleistungen Technischer Bereich - Nautica Adriamare\" \/>\n<meta property=\"og:description\" content=\"Zu unseren Dienstleistungen im technischen Bereich geh\u00f6ren: Mechanik und Motorisierung, elektrische Wartung, Innenreinigung und vieles mehr. Entdecken Sie alle unsere Dienstleistungen f\u00fcr Ihr Boot!\" \/>\n<meta property=\"og:url\" content=\"https:\/\/www.adriamare.eu\/de\/dienstleistungen-technischer-bereich\/\" \/>\n<meta property=\"og:site_name\" content=\"Nautica Adriamare\" \/>\n<meta property=\"article:modified_time\" content=\"2021-11-23T11:35:18+00:00\" \/>\n<meta name=\"twitter:card\" content=\"summary_large_image\" \/>\n<meta name=\"twitter:label1\" content=\"Gesch\u00e4tzte Lesezeit\" \/>\n\t<meta name=\"twitter:data1\" content=\"2\u00a0Minuten\" \/>\n<script type=\"application\/ld+json\" class=\"yoast-schema-graph\">{\"@context\":\"https:\/\/schema.org\",\"@graph\":[{\"@type\":\"WebPage\",\"@id\":\"https:\/\/www.adriamare.eu\/de\/dienstleistungen-technischer-bereich\/\",\"url\":\"https:\/\/www.adriamare.eu\/de\/dienstleistungen-technischer-bereich\/\",\"name\":\"Dienstleistungen Technischer Bereich - Nautica Adriamare\",\"isPartOf\":{\"@id\":\"https:\/\/www.adriamare.eu\/de\/#website\"},\"datePublished\":\"2021-10-07T07:51:24+00:00\",\"dateModified\":\"2021-11-23T11:35:18+00:00\",\"description\":\"Zu unseren Dienstleistungen im technischen Bereich geh\u00f6ren: Mechanik und Motorisierung, elektrische Wartung, Innenreinigung und vieles mehr. Entdecken Sie alle unsere Dienstleistungen f\u00fcr Ihr Boot!\",\"breadcrumb\":{\"@id\":\"https:\/\/www.adriamare.eu\/de\/dienstleistungen-technischer-bereich\/#breadcrumb\"},\"inLanguage\":\"de\",\"potentialAction\":[{\"@type\":\"ReadAction\",\"target\":[\"https:\/\/www.adriamare.eu\/de\/dienstleistungen-technischer-bereich\/\"]}]},{\"@type\":\"BreadcrumbList\",\"@id\":\"https:\/\/www.adriamare.eu\/de\/dienstleistungen-technischer-bereich\/#breadcrumb\",\"itemListElement\":[{\"@type\":\"ListItem\",\"position\":1,\"name\":\"Home\",\"item\":\"https:\/\/www.adriamare.eu\/de\/home\/\"},{\"@type\":\"ListItem\",\"position\":2,\"name\":\"Dienstleistungen Technischer Bereich\"}]},{\"@type\":\"WebSite\",\"@id\":\"https:\/\/www.adriamare.eu\/de\/#website\",\"url\":\"https:\/\/www.adriamare.eu\/de\/\",\"name\":\"Nautica Adriamare\",\"description\":\"Da 25 anni professionalit\u00e0 al vostro servizio\",\"publisher\":{\"@id\":\"https:\/\/www.adriamare.eu\/de\/#organization\"},\"potentialAction\":[{\"@type\":\"SearchAction\",\"target\":{\"@type\":\"EntryPoint\",\"urlTemplate\":\"https:\/\/www.adriamare.eu\/de\/?s={search_term_string}\"},\"query-input\":{\"@type\":\"PropertyValueSpecification\",\"valueRequired\":true,\"valueName\":\"search_term_string\"}}],\"inLanguage\":\"de\"},{\"@type\":\"Organization\",\"@id\":\"https:\/\/www.adriamare.eu\/de\/#organization\",\"name\":\"Nautica Adriamare\",\"url\":\"https:\/\/www.adriamare.eu\/de\/\",\"logo\":{\"@type\":\"ImageObject\",\"inLanguage\":\"de\",\"@id\":\"https:\/\/www.adriamare.eu\/de\/#\/schema\/logo\/image\/\",\"url\":\"https:\/\/adriamare.eu\/wp-content\/uploads\/2021\/10\/Nautica-Adriamare.png\",\"contentUrl\":\"https:\/\/adriamare.eu\/wp-content\/uploads\/2021\/10\/Nautica-Adriamare.png\",\"width\":500,\"height\":218,\"caption\":\"Nautica Adriamare\"},\"image\":{\"@id\":\"https:\/\/www.adriamare.eu\/de\/#\/schema\/logo\/image\/\"}}]}<\/script>\n<!-- \/ Yoast SEO plugin. -->","yoast_head_json":{"title":"Dienstleistungen Technischer Bereich - Nautica Adriamare","description":"Zu unseren Dienstleistungen im technischen Bereich geh\u00f6ren: Mechanik und Motorisierung, elektrische Wartung, Innenreinigung und vieles mehr. Entdecken Sie alle unsere Dienstleistungen f\u00fcr Ihr Boot!","robots":{"index":"index","follow":"follow","max-snippet":"max-snippet:-1","max-image-preview":"max-image-preview:large","max-video-preview":"max-video-preview:-1"},"canonical":"https:\/\/www.adriamare.eu\/de\/dienstleistungen-technischer-bereich\/","og_locale":"de_DE","og_type":"article","og_title":"Dienstleistungen Technischer Bereich - Nautica Adriamare","og_description":"Zu unseren Dienstleistungen im technischen Bereich geh\u00f6ren: Mechanik und Motorisierung, elektrische Wartung, Innenreinigung und vieles mehr. Entdecken Sie alle unsere Dienstleistungen f\u00fcr Ihr Boot!","og_url":"https:\/\/www.adriamare.eu\/de\/dienstleistungen-technischer-bereich\/","og_site_name":"Nautica Adriamare","article_modified_time":"2021-11-23T11:35:18+00:00","twitter_card":"summary_large_image","twitter_misc":{"Gesch\u00e4tzte Lesezeit":"2\u00a0Minuten"},"schema":{"@context":"https:\/\/schema.org","@graph":[{"@type":"WebPage","@id":"https:\/\/www.adriamare.eu\/de\/dienstleistungen-technischer-bereich\/","url":"https:\/\/www.adriamare.eu\/de\/dienstleistungen-technischer-bereich\/","name":"Dienstleistungen Technischer Bereich - Nautica Adriamare","isPartOf":{"@id":"https:\/\/www.adriamare.eu\/de\/#website"},"datePublished":"2021-10-07T07:51:24+00:00","dateModified":"2021-11-23T11:35:18+00:00","description":"Zu unseren Dienstleistungen im technischen Bereich geh\u00f6ren: Mechanik und Motorisierung, elektrische Wartung, Innenreinigung und vieles mehr. Entdecken Sie alle unsere Dienstleistungen f\u00fcr Ihr Boot!","breadcrumb":{"@id":"https:\/\/www.adriamare.eu\/de\/dienstleistungen-technischer-bereich\/#breadcrumb"},"inLanguage":"de","potentialAction":[{"@type":"ReadAction","target":["https:\/\/www.adriamare.eu\/de\/dienstleistungen-technischer-bereich\/"]}]},{"@type":"BreadcrumbList","@id":"https:\/\/www.adriamare.eu\/de\/dienstleistungen-technischer-bereich\/#breadcrumb","itemListElement":[{"@type":"ListItem","position":1,"name":"Home","item":"https:\/\/www.adriamare.eu\/de\/home\/"},{"@type":"ListItem","position":2,"name":"Dienstleistungen Technischer Bereich"}]},{"@type":"WebSite","@id":"https:\/\/www.adriamare.eu\/de\/#website","url":"https:\/\/www.adriamare.eu\/de\/","name":"Nautica Adriamare","description":"Da 25 anni professionalit\u00e0 al vostro servizio","publisher":{"@id":"https:\/\/www.adriamare.eu\/de\/#organization"},"potentialAction":[{"@type":"SearchAction","target":{"@type":"EntryPoint","urlTemplate":"https:\/\/www.adriamare.eu\/de\/?s={search_term_string}"},"query-input":{"@type":"PropertyValueSpecification","valueRequired":true,"valueName":"search_term_string"}}],"inLanguage":"de"},{"@type":"Organization","@id":"https:\/\/www.adriamare.eu\/de\/#organization","name":"Nautica Adriamare","url":"https:\/\/www.adriamare.eu\/de\/","logo":{"@type":"ImageObject","inLanguage":"de","@id":"https:\/\/www.adriamare.eu\/de\/#\/schema\/logo\/image\/","url":"https:\/\/adriamare.eu\/wp-content\/uploads\/2021\/10\/Nautica-Adriamare.png","contentUrl":"https:\/\/adriamare.eu\/wp-content\/uploads\/2021\/10\/Nautica-Adriamare.png","width":500,"height":218,"caption":"Nautica Adriamare"},"image":{"@id":"https:\/\/www.adriamare.eu\/de\/#\/schema\/logo\/image\/"}}]}},"_links":{"self":[{"href":"https:\/\/www.adriamare.eu\/de\/wp-json\/wp\/v2\/pages\/918","targetHints":{"allow":["GET"]}}],"collection":[{"href":"https:\/\/www.adriamare.eu\/de\/wp-json\/wp\/v2\/pages"}],"about":[{"href":"https:\/\/www.adriamare.eu\/de\/wp-json\/wp\/v2\/types\/page"}],"author":[{"embeddable":true,"href":"https:\/\/www.adriamare.eu\/de\/wp-json\/wp\/v2\/users\/1"}],"replies":[{"embeddable":true,"href":"https:\/\/www.adriamare.eu\/de\/wp-json\/wp\/v2\/comments?post=918"}],"version-history":[{"count":0,"href":"https:\/\/www.adriamare.eu\/de\/wp-json\/wp\/v2\/pages\/918\/revisions"}],"wp:attachment":[{"href":"https:\/\/www.adriamare.eu\/de\/wp-json\/wp\/v2\/media?parent=918"}],"curies":[{"name":"wp","href":"https:\/\/api.w.org\/{rel}","templated":true}]}}