{"id":908,"date":"2021-10-07T07:50:46","date_gmt":"2021-10-07T07:50:46","guid":{"rendered":"https:\/\/nautica.promoservicebeta.com\/i-nostri-servizi\/"},"modified":"2022-02-17T15:16:07","modified_gmt":"2022-02-17T15:16:07","slug":"unsere-dienstleistungen","status":"publish","type":"page","link":"https:\/\/www.adriamare.eu\/de\/unsere-dienstleistungen\/","title":{"rendered":"Dienstleistungen"},"content":{"rendered":"<div id='av-layout-grid-1'  class='av-layout-grid-container entry-content-wrapper main_color av-flex-cells     avia-builder-el-0  el_before_av_layout_row  avia-builder-el-first  container_wrap fullsize'  >\n<a class=\"av-screen-reader-only\" href=https:\/\/www.adriamare.eu\/servizi-zona-tecnica\/ >Link zu: Servizi Area Tecnica<\/a><div class=\"flex_cell no_margin av_one_half  avia-builder-el-1  el_before_av_cell_one_half  avia-builder-el-first   avia-full-stretch avia-link-column av-cell-link \"  style='height:500px; min-height:500px;vertical-align:top; '  data-link-column-url=\"https:\/\/www.adriamare.eu\/servizi-zona-tecnica\/\" ><div class='flex_cell_inner' ><p>\n<style type=\"text\/css\" data-created_by=\"avia_inline_auto\" id=\"style-css-av-kuglqe8u-34e74e734587fc74d8cf78f4658f7811\">\n#top .av-special-heading.av-kuglqe8u-34e74e734587fc74d8cf78f4658f7811{\nmargin:100px 0 20px 0;\npadding-bottom:10px;\ncolor:#1881c2;\n}\nbody .av-special-heading.av-kuglqe8u-34e74e734587fc74d8cf78f4658f7811 .av-special-heading-tag .heading-char{\nfont-size:25px;\ncolor:#1881c2;\npadding-bottom:10px;\n}\n.av-special-heading.av-kuglqe8u-34e74e734587fc74d8cf78f4658f7811 .special-heading-inner-border{\nborder-color:rgba(0,0,0,0.01);\n}\nbody .av-special-heading.av-kuglqe8u-34e74e734587fc74d8cf78f4658f7811 .av-special-heading-tag .heading-wrap:before{\nborder-color:rgba(0,0,0,0.01);\n}\nbody .av-special-heading.av-kuglqe8u-34e74e734587fc74d8cf78f4658f7811 .av-special-heading-tag .heading-wrap:after{\nborder-color:rgba(0,0,0,0.01);\n}\n<\/style>\n<div  class='av-special-heading av-kuglqe8u-34e74e734587fc74d8cf78f4658f7811 av-special-heading-h1 custom-color-heading blockquote elegant-quote elegant-centered  avia-builder-el-2  el_before_av_button  avia-builder-el-first  av-icon '><h1 class='av-special-heading-tag '  itemprop=\"headline\"  ><span class='heading-char avia-font-entypo-fontello ' aria-hidden='true' data-av_icon='\ue856' data-av_iconfont='entypo-fontello'><\/span><span class=\"heading-wrap\">Dienstleistungen im technischen Bereich<\/span><\/h1><div class='special-heading-border'><div class='special-heading-inner-border'><\/div><\/div><\/div><br \/>\n<div  class='avia-button-wrap avia-button-center  avia-builder-el-3  el_after_av_heading  el_before_av_textblock ' >\n<style type=\"text\/css\" data-created_by=\"avia_inline_auto\" id=\"style-css-av-kuieqi59-1db93c10045d086b687d3bd11b479648\">\n#top #wrap_all .avia-button.av-kuieqi59-1db93c10045d086b687d3bd11b479648{\nbackground-color:#f9e71c;\nborder-color:#f9e71c;\ncolor:#38317d;\nborder-radius:6px 6px 6px 6px;\n-webkit-border-radius:6px 6px 6px 6px;\n-moz-border-radius:6px 6px 6px 6px;\ntransition:all 0.4s ease-in-out;\n-webkit-transition:all 0.4s ease-in-out;\n-moz-transition:all 0.4s ease-in-out;\n-ms-transition:all 0.4s ease-in-out;\n-o-transition:all 0.4s ease-in-out;\n}\n#top #wrap_all .avia-button.av-kuieqi59-1db93c10045d086b687d3bd11b479648:hover{\nbackground-color:#1881c2;\ncolor:#ffffff;\ntransition:all 0.4s ease-in-out;\n-webkit-transition:all 0.4s ease-in-out;\n-moz-transition:all 0.4s ease-in-out;\n-ms-transition:all 0.4s ease-in-out;\n-o-transition:all 0.4s ease-in-out;\n}\n#top #wrap_all.avia-button.av-kuieqi59-1db93c10045d086b687d3bd11b479648:hover .avia_button_background{\nborder-radius:6px 6px 6px 6px;\n-webkit-border-radius:6px 6px 6px 6px;\n-moz-border-radius:6px 6px 6px 6px;\n}\n<\/style>\n<a href='https:\/\/www.adriamare.eu\/de\/dienstleistungen-technischer-bereich\/'  class='avia-button av-kuieqi59-1db93c10045d086b687d3bd11b479648 avia-icon_select-no avia-size-large avia-position-center ' ><span class='avia_iconbox_title' >ENTDECKEN<\/span><\/a><\/div><br \/>\n<section class=\"av_textblock_section \"  itemscope=\"itemscope\" itemtype=\"https:\/\/schema.org\/CreativeWork\" ><div class='avia_textblock  av_inherit_color '   itemprop=\"text\" ><p style=\"text-align: center;\">Im technischen Bereich k\u00f6nnen Sie in einem video\u00fcberwachten Bereich<strong> die Arbeiten selbst durchf\u00fchren<\/strong>, wobei die Regeln der Gesch\u00e4ftsordnung zu beachten sind.<\/p>\n<\/div><\/section><\/p>\n<\/div><\/div><a class=\"av-screen-reader-only\" href=https:\/\/www.adriamare.eu\/home\/ >Link zu: Home<\/a><div class=\"flex_cell no_margin av_one_half  avia-builder-el-5  el_after_av_cell_one_half  avia-builder-el-last   avia-full-stretch avia-link-column av-cell-link avia-link-column-hover \"  style='height:500px; min-height:500px;background:url(https:\/\/www.adriamare.eu\/wp-content\/uploads\/2021\/10\/Vista-area-tecnica-da-fiume.jpg) center center no-repeat scroll; vertical-align:top; padding:30px; '  data-link-column-url=\"https:\/\/www.adriamare.eu\/home\/\" ><div class='flex_cell_inner' ><\/div><\/div>\n<\/div>\n<div id='av-layout-grid-2'  class='av-layout-grid-container entry-content-wrapper main_color av-flex-cells     avia-builder-el-6  el_after_av_layout_row  avia-builder-el-last  submenu-not-first container_wrap fullsize'  >\n<a class=\"av-screen-reader-only\" href=https:\/\/www.adriamare.eu\/en\/home\/ >Link zu: Home<\/a><div class=\"flex_cell no_margin av_one_half  avia-builder-el-7  el_before_av_cell_one_half  avia-builder-el-first   avia-full-stretch avia-link-column av-cell-link avia-link-column-hover \"  style='height:500px; min-height:500px;background:url(https:\/\/www.adriamare.eu\/wp-content\/uploads\/2022\/02\/Servizi-cantieristici.jpg) center center no-repeat scroll; vertical-align:top; '  data-link-column-url=\"https:\/\/www.adriamare.eu\/en\/home\/\" ><div class='flex_cell_inner' ><\/div><\/div><a class=\"av-screen-reader-only\" href=https:\/\/www.adriamare.eu\/servizi-cantiere\/ >Link zu: Servizi Cantiere<\/a><div class=\"flex_cell no_margin av_one_half  avia-builder-el-8  el_after_av_cell_one_half  avia-builder-el-last   avia-full-stretch avia-link-column av-cell-link \"  style='height:500px; min-height:500px;vertical-align:top; padding:30px; '  data-link-column-url=\"https:\/\/www.adriamare.eu\/servizi-cantiere\/\" ><div class='flex_cell_inner' ><p>\n<style type=\"text\/css\" data-created_by=\"avia_inline_auto\" id=\"style-css-av-kuiep0s0-752700c73e2803a8a8cebfd373104f20\">\n#top .av-special-heading.av-kuiep0s0-752700c73e2803a8a8cebfd373104f20{\nmargin:100px 0 20px 0;\npadding-bottom:10px;\ncolor:#1881c2;\n}\nbody .av-special-heading.av-kuiep0s0-752700c73e2803a8a8cebfd373104f20 .av-special-heading-tag .heading-char{\nfont-size:25px;\ncolor:#1881c2;\npadding-bottom:10px;\n}\n.av-special-heading.av-kuiep0s0-752700c73e2803a8a8cebfd373104f20 .special-heading-inner-border{\nborder-color:rgba(0,0,0,0.01);\n}\nbody .av-special-heading.av-kuiep0s0-752700c73e2803a8a8cebfd373104f20 .av-special-heading-tag .heading-wrap:before{\nborder-color:rgba(0,0,0,0.01);\n}\nbody .av-special-heading.av-kuiep0s0-752700c73e2803a8a8cebfd373104f20 .av-special-heading-tag .heading-wrap:after{\nborder-color:rgba(0,0,0,0.01);\n}\n<\/style>\n<div  class='av-special-heading av-kuiep0s0-752700c73e2803a8a8cebfd373104f20 av-special-heading-h1 custom-color-heading blockquote elegant-quote elegant-centered  avia-builder-el-9  el_before_av_button  avia-builder-el-first  av-icon '><h1 class='av-special-heading-tag '  itemprop=\"headline\"  ><span class='heading-char avia-font-entypo-fontello ' aria-hidden='true' data-av_icon='\ue855' data-av_iconfont='entypo-fontello'><\/span><span class=\"heading-wrap\">Dienstleistungen im Baustelle<\/span><\/h1><div class='special-heading-border'><div class='special-heading-inner-border'><\/div><\/div><\/div><br \/>\n<div  class='avia-button-wrap avia-button-center  avia-builder-el-10  el_after_av_heading  avia-builder-el-last ' >\n<style type=\"text\/css\" data-created_by=\"avia_inline_auto\" id=\"style-css-av-kuiefyb0-f6ad0fa2631aebb2eebcef0ade9fad85\">\n#top #wrap_all .avia-button.av-kuiefyb0-f6ad0fa2631aebb2eebcef0ade9fad85{\nbackground-color:#f9e71c;\nborder-color:#f9e71c;\ncolor:#38317d;\nborder-radius:6px 6px 6px 6px;\n-webkit-border-radius:6px 6px 6px 6px;\n-moz-border-radius:6px 6px 6px 6px;\ntransition:all 0.4s ease-in-out;\n-webkit-transition:all 0.4s ease-in-out;\n-moz-transition:all 0.4s ease-in-out;\n-ms-transition:all 0.4s ease-in-out;\n-o-transition:all 0.4s ease-in-out;\n}\n#top #wrap_all .avia-button.av-kuiefyb0-f6ad0fa2631aebb2eebcef0ade9fad85:hover{\nbackground-color:#1881c2;\ncolor:#ffffff;\ntransition:all 0.4s ease-in-out;\n-webkit-transition:all 0.4s ease-in-out;\n-moz-transition:all 0.4s ease-in-out;\n-ms-transition:all 0.4s ease-in-out;\n-o-transition:all 0.4s ease-in-out;\n}\n#top #wrap_all.avia-button.av-kuiefyb0-f6ad0fa2631aebb2eebcef0ade9fad85:hover .avia_button_background{\nborder-radius:6px 6px 6px 6px;\n-webkit-border-radius:6px 6px 6px 6px;\n-moz-border-radius:6px 6px 6px 6px;\n}\n<\/style>\n<a href='https:\/\/www.adriamare.eu\/de\/dienstleistungen-im-baustelle\/'  class='avia-button av-kuiefyb0-f6ad0fa2631aebb2eebcef0ade9fad85 avia-icon_select-no avia-size-large avia-position-center ' ><span class='avia_iconbox_title' >ENTDECKEN<\/span><\/a><\/div><\/p>\n<\/div><\/div><\/div>\n","protected":false},"excerpt":{"rendered":"","protected":false},"author":1,"featured_media":0,"parent":0,"menu_order":0,"comment_status":"closed","ping_status":"closed","template":"","meta":{"footnotes":""},"class_list":["post-908","page","type-page","status-publish","hentry"],"yoast_head":"<!-- This site is optimized with the Yoast SEO plugin v25.3.1 - https:\/\/yoast.com\/wordpress\/plugins\/seo\/ -->\n<title>Dienstleistungen - Nautica Adriamare<\/title>\n<meta name=\"description\" content=\"Wir bieten Dienstleistungen im technischen Bereich und in der Bootswerft an, einschlie\u00dflich Unterhalts- und Innenreinigung sowie Totalpolitur. Entdecken Sie alle unsere Dienstleistungen f\u00fcr Ihr Boot!\" \/>\n<meta name=\"robots\" content=\"index, follow, max-snippet:-1, max-image-preview:large, max-video-preview:-1\" \/>\n<link rel=\"canonical\" href=\"https:\/\/www.adriamare.eu\/de\/unsere-dienstleistungen\/\" \/>\n<meta property=\"og:locale\" content=\"de_DE\" \/>\n<meta property=\"og:type\" content=\"article\" \/>\n<meta property=\"og:title\" content=\"Dienstleistungen - Nautica Adriamare\" \/>\n<meta property=\"og:description\" content=\"Wir bieten Dienstleistungen im technischen Bereich und in der Bootswerft an, einschlie\u00dflich Unterhalts- und Innenreinigung sowie Totalpolitur. Entdecken Sie alle unsere Dienstleistungen f\u00fcr Ihr Boot!\" \/>\n<meta property=\"og:url\" content=\"https:\/\/www.adriamare.eu\/de\/unsere-dienstleistungen\/\" \/>\n<meta property=\"og:site_name\" content=\"Nautica Adriamare\" \/>\n<meta property=\"article:modified_time\" content=\"2022-02-17T15:16:07+00:00\" \/>\n<meta name=\"twitter:card\" content=\"summary_large_image\" \/>\n<meta name=\"twitter:label1\" content=\"Gesch\u00e4tzte Lesezeit\" \/>\n\t<meta name=\"twitter:data1\" content=\"2\u00a0Minuten\" \/>\n<script type=\"application\/ld+json\" class=\"yoast-schema-graph\">{\"@context\":\"https:\/\/schema.org\",\"@graph\":[{\"@type\":\"WebPage\",\"@id\":\"https:\/\/www.adriamare.eu\/de\/unsere-dienstleistungen\/\",\"url\":\"https:\/\/www.adriamare.eu\/de\/unsere-dienstleistungen\/\",\"name\":\"Dienstleistungen - Nautica Adriamare\",\"isPartOf\":{\"@id\":\"https:\/\/www.adriamare.eu\/de\/#website\"},\"datePublished\":\"2021-10-07T07:50:46+00:00\",\"dateModified\":\"2022-02-17T15:16:07+00:00\",\"description\":\"Wir bieten Dienstleistungen im technischen Bereich und in der Bootswerft an, einschlie\u00dflich Unterhalts- und Innenreinigung sowie Totalpolitur. Entdecken Sie alle unsere Dienstleistungen f\u00fcr Ihr Boot!\",\"breadcrumb\":{\"@id\":\"https:\/\/www.adriamare.eu\/de\/unsere-dienstleistungen\/#breadcrumb\"},\"inLanguage\":\"de\",\"potentialAction\":[{\"@type\":\"ReadAction\",\"target\":[\"https:\/\/www.adriamare.eu\/de\/unsere-dienstleistungen\/\"]}]},{\"@type\":\"BreadcrumbList\",\"@id\":\"https:\/\/www.adriamare.eu\/de\/unsere-dienstleistungen\/#breadcrumb\",\"itemListElement\":[{\"@type\":\"ListItem\",\"position\":1,\"name\":\"Home\",\"item\":\"https:\/\/www.adriamare.eu\/de\/home\/\"},{\"@type\":\"ListItem\",\"position\":2,\"name\":\"Dienstleistungen\"}]},{\"@type\":\"WebSite\",\"@id\":\"https:\/\/www.adriamare.eu\/de\/#website\",\"url\":\"https:\/\/www.adriamare.eu\/de\/\",\"name\":\"Nautica Adriamare\",\"description\":\"Da 25 anni professionalit\u00e0 al vostro servizio\",\"publisher\":{\"@id\":\"https:\/\/www.adriamare.eu\/de\/#organization\"},\"potentialAction\":[{\"@type\":\"SearchAction\",\"target\":{\"@type\":\"EntryPoint\",\"urlTemplate\":\"https:\/\/www.adriamare.eu\/de\/?s={search_term_string}\"},\"query-input\":{\"@type\":\"PropertyValueSpecification\",\"valueRequired\":true,\"valueName\":\"search_term_string\"}}],\"inLanguage\":\"de\"},{\"@type\":\"Organization\",\"@id\":\"https:\/\/www.adriamare.eu\/de\/#organization\",\"name\":\"Nautica Adriamare\",\"url\":\"https:\/\/www.adriamare.eu\/de\/\",\"logo\":{\"@type\":\"ImageObject\",\"inLanguage\":\"de\",\"@id\":\"https:\/\/www.adriamare.eu\/de\/#\/schema\/logo\/image\/\",\"url\":\"https:\/\/adriamare.eu\/wp-content\/uploads\/2021\/10\/Nautica-Adriamare.png\",\"contentUrl\":\"https:\/\/adriamare.eu\/wp-content\/uploads\/2021\/10\/Nautica-Adriamare.png\",\"width\":500,\"height\":218,\"caption\":\"Nautica Adriamare\"},\"image\":{\"@id\":\"https:\/\/www.adriamare.eu\/de\/#\/schema\/logo\/image\/\"}}]}<\/script>\n<!-- \/ Yoast SEO plugin. -->","yoast_head_json":{"title":"Dienstleistungen - Nautica Adriamare","description":"Wir bieten Dienstleistungen im technischen Bereich und in der Bootswerft an, einschlie\u00dflich Unterhalts- und Innenreinigung sowie Totalpolitur. Entdecken Sie alle unsere Dienstleistungen f\u00fcr Ihr Boot!","robots":{"index":"index","follow":"follow","max-snippet":"max-snippet:-1","max-image-preview":"max-image-preview:large","max-video-preview":"max-video-preview:-1"},"canonical":"https:\/\/www.adriamare.eu\/de\/unsere-dienstleistungen\/","og_locale":"de_DE","og_type":"article","og_title":"Dienstleistungen - Nautica Adriamare","og_description":"Wir bieten Dienstleistungen im technischen Bereich und in der Bootswerft an, einschlie\u00dflich Unterhalts- und Innenreinigung sowie Totalpolitur. Entdecken Sie alle unsere Dienstleistungen f\u00fcr Ihr Boot!","og_url":"https:\/\/www.adriamare.eu\/de\/unsere-dienstleistungen\/","og_site_name":"Nautica Adriamare","article_modified_time":"2022-02-17T15:16:07+00:00","twitter_card":"summary_large_image","twitter_misc":{"Gesch\u00e4tzte Lesezeit":"2\u00a0Minuten"},"schema":{"@context":"https:\/\/schema.org","@graph":[{"@type":"WebPage","@id":"https:\/\/www.adriamare.eu\/de\/unsere-dienstleistungen\/","url":"https:\/\/www.adriamare.eu\/de\/unsere-dienstleistungen\/","name":"Dienstleistungen - Nautica Adriamare","isPartOf":{"@id":"https:\/\/www.adriamare.eu\/de\/#website"},"datePublished":"2021-10-07T07:50:46+00:00","dateModified":"2022-02-17T15:16:07+00:00","description":"Wir bieten Dienstleistungen im technischen Bereich und in der Bootswerft an, einschlie\u00dflich Unterhalts- und Innenreinigung sowie Totalpolitur. Entdecken Sie alle unsere Dienstleistungen f\u00fcr Ihr Boot!","breadcrumb":{"@id":"https:\/\/www.adriamare.eu\/de\/unsere-dienstleistungen\/#breadcrumb"},"inLanguage":"de","potentialAction":[{"@type":"ReadAction","target":["https:\/\/www.adriamare.eu\/de\/unsere-dienstleistungen\/"]}]},{"@type":"BreadcrumbList","@id":"https:\/\/www.adriamare.eu\/de\/unsere-dienstleistungen\/#breadcrumb","itemListElement":[{"@type":"ListItem","position":1,"name":"Home","item":"https:\/\/www.adriamare.eu\/de\/home\/"},{"@type":"ListItem","position":2,"name":"Dienstleistungen"}]},{"@type":"WebSite","@id":"https:\/\/www.adriamare.eu\/de\/#website","url":"https:\/\/www.adriamare.eu\/de\/","name":"Nautica Adriamare","description":"Da 25 anni professionalit\u00e0 al vostro servizio","publisher":{"@id":"https:\/\/www.adriamare.eu\/de\/#organization"},"potentialAction":[{"@type":"SearchAction","target":{"@type":"EntryPoint","urlTemplate":"https:\/\/www.adriamare.eu\/de\/?s={search_term_string}"},"query-input":{"@type":"PropertyValueSpecification","valueRequired":true,"valueName":"search_term_string"}}],"inLanguage":"de"},{"@type":"Organization","@id":"https:\/\/www.adriamare.eu\/de\/#organization","name":"Nautica Adriamare","url":"https:\/\/www.adriamare.eu\/de\/","logo":{"@type":"ImageObject","inLanguage":"de","@id":"https:\/\/www.adriamare.eu\/de\/#\/schema\/logo\/image\/","url":"https:\/\/adriamare.eu\/wp-content\/uploads\/2021\/10\/Nautica-Adriamare.png","contentUrl":"https:\/\/adriamare.eu\/wp-content\/uploads\/2021\/10\/Nautica-Adriamare.png","width":500,"height":218,"caption":"Nautica Adriamare"},"image":{"@id":"https:\/\/www.adriamare.eu\/de\/#\/schema\/logo\/image\/"}}]}},"_links":{"self":[{"href":"https:\/\/www.adriamare.eu\/de\/wp-json\/wp\/v2\/pages\/908","targetHints":{"allow":["GET"]}}],"collection":[{"href":"https:\/\/www.adriamare.eu\/de\/wp-json\/wp\/v2\/pages"}],"about":[{"href":"https:\/\/www.adriamare.eu\/de\/wp-json\/wp\/v2\/types\/page"}],"author":[{"embeddable":true,"href":"https:\/\/www.adriamare.eu\/de\/wp-json\/wp\/v2\/users\/1"}],"replies":[{"embeddable":true,"href":"https:\/\/www.adriamare.eu\/de\/wp-json\/wp\/v2\/comments?post=908"}],"version-history":[{"count":2,"href":"https:\/\/www.adriamare.eu\/de\/wp-json\/wp\/v2\/pages\/908\/revisions"}],"predecessor-version":[{"id":1513,"href":"https:\/\/www.adriamare.eu\/de\/wp-json\/wp\/v2\/pages\/908\/revisions\/1513"}],"wp:attachment":[{"href":"https:\/\/www.adriamare.eu\/de\/wp-json\/wp\/v2\/media?parent=908"}],"curies":[{"name":"wp","href":"https:\/\/api.w.org\/{rel}","templated":true}]}}